{"id":20,"date":"2024-05-31T01:54:04","date_gmt":"2024-05-30T23:54:04","guid":{"rendered":"https:\/\/zircuspektos.com\/?page_id=20"},"modified":"2024-06-06T05:24:16","modified_gmt":"2024-06-06T03:24:16","slug":"editorial","status":"publish","type":"page","link":"https:\/\/zircuspektos.com\/?page_id=20","title":{"rendered":"Editorial"},"content":{"rendered":"<div class=\"wp-block-image\">\n<figure class=\"aligncenter size-full\"><img fetchpriority=\"high\" decoding=\"async\" width=\"757\" height=\"810\" src=\"https:\/\/zircuspektos.com\/wp-content\/uploads\/2024\/06\/editorial.png\" alt=\"\" class=\"wp-image-169\" srcset=\"https:\/\/zircuspektos.com\/wp-content\/uploads\/2024\/06\/editorial.png 757w, https:\/\/zircuspektos.com\/wp-content\/uploads\/2024\/06\/editorial-280x300.png 280w\" sizes=\"(max-width: 757px) 100vw, 757px\" \/><\/figure>\n<\/div>\n\n<p style=\"line-height: 15.0pt;\"><b><i>Bienvenid@s al primer n\u00famero de Zircuspektos<\/i><\/b><\/p>\n<p style=\"line-height: 15.0pt; --fontsize: 14.6667px; --lineheight: 1.4;\">Con orgullo presentamos esta primera revista sobre las Artes Circenses Venezolanas, con la cual buscamos ser un espacio de encuentro para todas las personas apasionadas por el fascinante universo del circo.<\/p>\n<p style=\"line-height: 15.0pt; --fontsize: 14.6667px; --lineheight: 1.4;\">Lanzamos <b><i>Zircuspektos <\/i><\/b>como un ejercicio para alcanzar nuestros sue\u00f1os. Iniciativa que nace desde el colectivo de Yahdai AC, que fue apoyado por Ana Paula G\u00f3nzalez y su Circo Karibe, junto al equipo de la Red de Artes Circenses de Venezuela; que este a\u00f1o gracias a la \u201cchispa\u201d de Julieta a tomado un nuevo aliento para seguir trabajando incansablemente por visibilizar y profesionalizar a nuestro sector.<\/p>\n<p style=\"line-height: 15.0pt; --fontsize: 14.6667px; --lineheight: 1.4;\">Esta publicaci\u00f3n asume su compromiso de investigar las ra\u00edces de nuestro quehacer circense, difundiendo saber especializado de manera amena, cercana, desde un punto de vista reflexivo y acad\u00e9mico.<\/p>\n<p style=\"line-height: 15.0pt; --fontsize: 14.6667px; --lineheight: 1.4;\">En esta primera entrega quisimos rendir un merecido homenaje a la gran payasa venezolana Julieta Hern\u00e1ndez, conocida art\u00edsticamente como <i>\u00abMiss Jujuba\u00bb.<\/i> Impulsora del movimiento de la Payaseria Femenina y con una gran pasi\u00f3n por el trabajo social; llevando una sonrisa a cada espacio que visitaba, su legado de alegr\u00eda y compromiso comunal inspirar\u00e1 a generaciones de artistas que reconocen su aporte a nuestra identidad circense. A la vez que nos hacemos eco al llamado de justicia: justicia por su perdida&#8230; justicia por su ausencia&#8230; justicia por un feminicio genocida que la arranc\u00f3 de este plano.<\/p>\n<p style=\"line-height: 15.0pt; --fontsize: 14.6667px; --lineheight: 1.4;\">Esperamos que estas p\u00e1ginas despierten en ustedes la misma pasi\u00f3n que nos mueve. Que se diviertan, se conmuevan con las historias, personajes y reflexiones que hemos preparado con cari\u00f1o. Animandos\u00e9 as\u00ed a contribuir con sus experiencias e ideas a favor de seguir fortaleciendo esta red de malabares, ruedos y risas que nos unen.<\/p>\n<p style=\"line-height: 15.0pt; --fontsize: 14.6667px; --lineheight: 1.4;\"><i>\u00a1Bienvenid@s al m\u00e1gico mundo del circo venezolano seg\u00fan Zircuspektos!<\/i><\/p>","protected":false},"excerpt":{"rendered":"<p>Bienvenid@s al primer n\u00famero de Zircuspektos Con orgullo presentamos esta primera revista sobre las Artes&#8230;<\/p>\n","protected":false},"author":1,"featured_media":0,"parent":0,"menu_order":0,"comment_status":"closed","ping_status":"closed","template":"","meta":{"footnotes":""},"class_list":["post-20","page","type-page","status-publish","hentry"],"_links":{"self":[{"href":"https:\/\/zircuspektos.com\/index.php?rest_route=\/wp\/v2\/pages\/20","targetHints":{"allow":["GET"]}}],"collection":[{"href":"https:\/\/zircuspektos.com\/index.php?rest_route=\/wp\/v2\/pages"}],"about":[{"href":"https:\/\/zircuspektos.com\/index.php?rest_route=\/wp\/v2\/types\/page"}],"author":[{"embeddable":true,"href":"https:\/\/zircuspektos.com\/index.php?rest_route=\/wp\/v2\/users\/1"}],"replies":[{"embeddable":true,"href":"https:\/\/zircuspektos.com\/index.php?rest_route=%2Fwp%2Fv2%2Fcomments&post=20"}],"version-history":[{"count":6,"href":"https:\/\/zircuspektos.com\/index.php?rest_route=\/wp\/v2\/pages\/20\/revisions"}],"predecessor-version":[{"id":172,"href":"https:\/\/zircuspektos.com\/index.php?rest_route=\/wp\/v2\/pages\/20\/revisions\/172"}],"wp:attachment":[{"href":"https:\/\/zircuspektos.com\/index.php?rest_route=%2Fwp%2Fv2%2Fmedia&parent=20"}],"curies":[{"name":"wp","href":"https:\/\/api.w.org\/{rel}","templated":true}]}}