{"id":15,"date":"2024-05-31T01:50:39","date_gmt":"2024-05-30T23:50:39","guid":{"rendered":"https:\/\/zircuspektos.com\/?page_id=15"},"modified":"2024-06-06T14:06:45","modified_gmt":"2024-06-06T12:06:45","slug":"quienes-somos","status":"publish","type":"page","link":"https:\/\/zircuspektos.com\/?page_id=15","title":{"rendered":"Quienes Somos"},"content":{"rendered":"<style>\/*! elementor - v3.21.0 - 22-05-2024 *\/<br \/>\n.elementor-widget-image{text-align:center}.elementor-widget-image a{display:inline-block}.elementor-widget-image a img[src$=\".svg\"]{width:48px}.elementor-widget-image img{vertical-align:middle;display:inline-block}<\/style>\n<p><img fetchpriority=\"high\" decoding=\"async\" class=\"aligncenter\" src=\"https:\/\/zircuspektos.com\/wp-content\/uploads\/2024\/06\/quienes-somos.jpg\" sizes=\"(max-width: 640px) 100vw, 640px\" srcset=\"https:\/\/zircuspektos.com\/wp-content\/uploads\/2024\/06\/quienes-somos.jpg 1024w, https:\/\/zircuspektos.com\/wp-content\/uploads\/2024\/06\/quienes-somos-300x225.jpg 300w, https:\/\/zircuspektos.com\/wp-content\/uploads\/2024\/06\/quienes-somos-768x576.jpg 768w\" alt=\"\" width=\"640\" height=\"480\" \/><\/p>\n<p>Zircuspektos: Una mirada profunda al circo venezolano<\/p>\n<p>Zircuspektos es una revista digital dedicada a explorar el fascinante mundo del circo en Venezuela. Nacida de la pasi\u00f3n y la magia de esta disciplina, Zircuspektos busca ser un espacio de encuentro para artistas, investigadores, docentes y p\u00fablico en general interesados en las Artes Circenses.<\/p>\n<p>Nuestra misi\u00f3n es visibilizar el circo venezolano en todas sus dimensiones: su historia, sus artistas, sus t\u00e9cnicas, sus desaf\u00edos y sus sue\u00f1os. A trav\u00e9s de art\u00edculos de investigaci\u00f3n, entrevistas, reportajes, rese\u00f1as y otras secciones de inter\u00e9s, Zircuspektos se propone profundizar en el rico universo circense venezolano, revelando su esencia, su impacto social y su potencial transformador.<\/p>\n<p><strong>Un viaje a trav\u00e9s del tiempo<\/strong><\/p>\n<p>En Zircuspektos, nos adentramos en la historia del circo venezolano, desde sus inicios hasta la actualidad. Descubrimos las ra\u00edces de este arte en nuestro pa\u00eds, sus hitos m\u00e1s importantes y la evoluci\u00f3n de sus diversas disciplinas. Conoceremos a los pioneros del circo venezolano, aquellos artistas que con su talento y dedicaci\u00f3n sentaron las bases para el desarrollo de esta tradici\u00f3n.<\/p>\n<p><strong>Los protagonistas del circo<\/strong><\/p>\n<p>Zircuspektos rinde homenaje a los artistas circenses venezolanos, esos hombres y mujeres que con su destreza, creatividad y pasi\u00f3n nos hacen so\u00f1ar. A trav\u00e9s de entrevistas y reportajes, nos acercamos a sus historias, sus sue\u00f1os y sus desaf\u00edos. Conoceremos sus t\u00e9cnicas, sus procesos creativos y su visi\u00f3n del circo como arte y como herramienta de transformaci\u00f3n social.<\/p>\n<p><strong>Un espacio para la reflexi\u00f3n<\/strong><\/p>\n<p>Zircuspektos no solo se limita a mostrar el circo venezolano, sino que tambi\u00e9n busca generar espacios de reflexi\u00f3n cr\u00edtica sobre este arte. Abordamos temas como la formaci\u00f3n art\u00edstica, la gesti\u00f3n cultural, la inclusi\u00f3n social y el impacto del circo en la sociedad venezolana. Con art\u00edculos de investigaci\u00f3n y an\u00e1lisis, Zircuspektos busca contribuir al desarrollo del circo en Venezuela, impulsando la investigaci\u00f3n, la innovaci\u00f3n y la formaci\u00f3n de nuevos talentos.<\/p>\n<p><strong>\u00danete a la comunidad circense<\/strong><\/p>\n<p>Zircuspektos te invita a ser parte de la comunidad circense venezolana. Suscr\u00edbete a nuestra revista, s\u00edguenos en nuestras redes sociales y participa en nuestros eventos. Juntos, podemos fortalecer el circo en Venezuela y hacer que este arte siga brillando con luz propia.<\/p>\n<p style=\"text-align: center;\"><strong><em>Zircuspektos: Saberes, miradas y reflexiones sobre las Artes Circenses Venezolanas<\/em><\/strong><\/p>\n<p style=\"text-align: center;\"><em><strong>PROXIMAMENTE LA REVISTA DIGITAL DESCARGABLE<\/strong><\/em><\/p>\n","protected":false},"excerpt":{"rendered":"<p>Zircuspektos: Una mirada profunda al circo venezolano Zircuspektos es una revista digital dedicada a explorar&#8230;<\/p>\n","protected":false},"author":1,"featured_media":0,"parent":0,"menu_order":0,"comment_status":"closed","ping_status":"closed","template":"","meta":{"footnotes":""},"class_list":["post-15","page","type-page","status-publish","hentry"],"_links":{"self":[{"href":"https:\/\/zircuspektos.com\/index.php?rest_route=\/wp\/v2\/pages\/15","targetHints":{"allow":["GET"]}}],"collection":[{"href":"https:\/\/zircuspektos.com\/index.php?rest_route=\/wp\/v2\/pages"}],"about":[{"href":"https:\/\/zircuspektos.com\/index.php?rest_route=\/wp\/v2\/types\/page"}],"author":[{"embeddable":true,"href":"https:\/\/zircuspektos.com\/index.php?rest_route=\/wp\/v2\/users\/1"}],"replies":[{"embeddable":true,"href":"https:\/\/zircuspektos.com\/index.php?rest_route=%2Fwp%2Fv2%2Fcomments&post=15"}],"version-history":[{"count":14,"href":"https:\/\/zircuspektos.com\/index.php?rest_route=\/wp\/v2\/pages\/15\/revisions"}],"predecessor-version":[{"id":215,"href":"https:\/\/zircuspektos.com\/index.php?rest_route=\/wp\/v2\/pages\/15\/revisions\/215"}],"wp:attachment":[{"href":"https:\/\/zircuspektos.com\/index.php?rest_route=%2Fwp%2Fv2%2Fmedia&parent=15"}],"curies":[{"name":"wp","href":"https:\/\/api.w.org\/{rel}","templated":true}]}}